{"id":391,"date":"2025-12-20T01:21:50","date_gmt":"2025-12-20T00:21:50","guid":{"rendered":"https:\/\/sapora.be\/?post_type=product&#038;p=391"},"modified":"2026-03-05T16:32:27","modified_gmt":"2026-03-05T15:32:27","slug":"linguine-integrali-500g","status":"publish","type":"product","link":"https:\/\/sapora.be\/index.php\/produit\/linguine-integrali-500g\/","title":{"rendered":"Linguine Integrali \u2013 500G"},"content":{"rendered":"<p data-start=\"435\" data-end=\"727\">Nos Linguine Integrali artisanales sont \u00e9labor\u00e9es \u00e0 partir de semoule de bl\u00e9 dur compl\u00e8te de qualit\u00e9 sup\u00e9rieure, selon un savoir-faire italien traditionnel.<br data-start=\"595\" data-end=\"598\" \/>Leur forme longue et plate assure une excellente adh\u00e9rence des sauces, tout en offrant une texture ferme et une cuisson homog\u00e8ne.<\/p>\n<p data-start=\"729\" data-end=\"947\">S\u00e9ch\u00e9es lentement afin de pr\u00e9server les qualit\u00e9s nutritionnelles et les ar\u00f4mes naturels du bl\u00e9 complet, ces linguine se distinguent par leur go\u00fbt plus prononc\u00e9 et leur richesse en fibres, sans compromis sur le plaisir.<\/p>\n<p data-start=\"949\" data-end=\"1089\">Id\u00e9ales pour :<br data-start=\"963\" data-end=\"966\" \/>sauces aux l\u00e9gumes<br data-start=\"984\" data-end=\"987\" \/>sauces \u00e0 base d\u2019huile d\u2019olive<br data-start=\"1016\" data-end=\"1019\" \/>pestos et sauces aux herbes<br data-start=\"1046\" data-end=\"1049\" \/>cuisine italienne rustique et \u00e9quilibr\u00e9e<\/p>\n<p data-start=\"1091\" data-end=\"1237\">Caract\u00e9ristiques :<br data-start=\"1109\" data-end=\"1112\" \/>Origine : Italie<br data-start=\"1128\" data-end=\"1131\" \/>Ingr\u00e9dients : Semoule de bl\u00e9 dur compl\u00e8te<br data-start=\"1172\" data-end=\"1175\" \/>Format : Linguine<br data-start=\"1192\" data-end=\"1195\" \/>Poids : 500 g<br data-start=\"1208\" data-end=\"1211\" \/>Fabrication : Artisanale<\/p>\n","protected":false},"excerpt":{"rendered":"<p>Linguine artisanales int\u00e9grales italiennes en semoule de bl\u00e9 dur compl\u00e8te, \u00e0 la forme longue et plate id\u00e9ale pour retenir les sauces. Texture ferme, go\u00fbt authentique et caract\u00e8re rustique pour une cuisine \u00e9quilibr\u00e9e.<\/p>\n","protected":false},"featured_media":392,"comment_status":"open","ping_status":"closed","template":"","meta":{"_kadence_starter_templates_imported_post":false,"_kad_post_transparent":"default","_kad_post_title":"","_kad_post_layout":"default","_kad_post_sidebar_id":"","_kad_post_content_style":"default","_kad_post_vertical_padding":"default","_kad_post_feature":"","_kad_post_feature_position":"","_kad_post_header":false,"_kad_post_footer":false},"product_brand":[],"product_cat":[23],"product_tag":[],"class_list":{"0":"post-391","1":"product","2":"type-product","3":"status-publish","4":"has-post-thumbnail","6":"product_cat-pates-artisanales-integrales-truffe","8":"first","9":"instock","10":"taxable","11":"shipping-taxable","12":"purchasable","13":"product-type-simple","14":"entry","15":"content-bg","16":"loop-entry"},"_links":{"self":[{"href":"https:\/\/sapora.be\/index.php\/wp-json\/wp\/v2\/product\/391","targetHints":{"allow":["GET"]}}],"collection":[{"href":"https:\/\/sapora.be\/index.php\/wp-json\/wp\/v2\/product"}],"about":[{"href":"https:\/\/sapora.be\/index.php\/wp-json\/wp\/v2\/types\/product"}],"replies":[{"embeddable":true,"href":"https:\/\/sapora.be\/index.php\/wp-json\/wp\/v2\/comments?post=391"}],"wp:featuredmedia":[{"embeddable":true,"href":"https:\/\/sapora.be\/index.php\/wp-json\/wp\/v2\/media\/392"}],"wp:attachment":[{"href":"https:\/\/sapora.be\/index.php\/wp-json\/wp\/v2\/media?parent=391"}],"wp:term":[{"taxonomy":"product_brand","embeddable":true,"href":"https:\/\/sapora.be\/index.php\/wp-json\/wp\/v2\/product_brand?post=391"},{"taxonomy":"product_cat","embeddable":true,"href":"https:\/\/sapora.be\/index.php\/wp-json\/wp\/v2\/product_cat?post=391"},{"taxonomy":"product_tag","embeddable":true,"href":"https:\/\/sapora.be\/index.php\/wp-json\/wp\/v2\/product_tag?post=391"}],"curies":[{"name":"wp","href":"https:\/\/api.w.org\/{rel}","templated":true}]}}