{"id":374,"date":"2025-12-18T19:14:51","date_gmt":"2025-12-18T18:14:51","guid":{"rendered":"https:\/\/sapora.be\/?post_type=product&#038;p=374"},"modified":"2026-01-16T13:39:24","modified_gmt":"2026-01-16T12:39:24","slug":"fusilli-colorati-500g","status":"publish","type":"product","link":"https:\/\/sapora.be\/index.php\/produit\/fusilli-colorati-500g\/","title":{"rendered":"Fusilli Colorati &#8211; 500g"},"content":{"rendered":"<p data-start=\"446\" data-end=\"755\">Nos Fusilli Colorati artisanaux sont \u00e9labor\u00e9s \u00e0 partir de semoule de bl\u00e9 dur de qualit\u00e9 sup\u00e9rieure et color\u00e9s naturellement \u00e0 l\u2019aide d\u2019ingr\u00e9dients v\u00e9g\u00e9taux, selon un savoir-faire italien traditionnel.<br data-start=\"646\" data-end=\"649\" \/>Leur forme torsad\u00e9e permet de capturer parfaitement les sauces, offrant une d\u00e9gustation riche et homog\u00e8ne.<\/p>\n<p data-start=\"757\" data-end=\"932\">S\u00e9ch\u00e9es lentement afin de pr\u00e9server la texture et les ar\u00f4mes du bl\u00e9, ces p\u00e2tes apportent une touche de couleur naturelle \u00e0 vos plats, sans compromis sur le go\u00fbt ni la qualit\u00e9.<\/p>\n<p data-start=\"934\" data-end=\"1070\">Id\u00e9ales pour :<br data-start=\"948\" data-end=\"951\" \/>sauces tomates et l\u00e9gumes<br data-start=\"976\" data-end=\"979\" \/>pestos et sauces \u00e0 base d\u2019huile d\u2019olive<br data-start=\"1018\" data-end=\"1021\" \/>salades de p\u00e2tes<br data-start=\"1037\" data-end=\"1040\" \/>cuisine italienne du quotidien<\/p>\n<p data-start=\"1072\" data-end=\"1256\">Caract\u00e9ristiques :<br data-start=\"1090\" data-end=\"1093\" \/>Origine : Italie<br data-start=\"1109\" data-end=\"1112\" \/>Ingr\u00e9dients : Semoule de bl\u00e9 dur, colorants naturels d\u2019origine v\u00e9g\u00e9tale<br data-start=\"1183\" data-end=\"1186\" \/>Format : Fusilli Colorati<br data-start=\"1211\" data-end=\"1214\" \/>Poids : 500 g<br data-start=\"1227\" data-end=\"1230\" \/>Fabrication : Artisanale<\/p>\n","protected":false},"excerpt":{"rendered":"<p data-start=\"213\" data-end=\"419\">P\u00e2tes artisanales italiennes en semoule de bl\u00e9 dur, naturellement color\u00e9es, \u00e0 la forme torsad\u00e9e id\u00e9ale pour retenir les sauces. Une texture ferme et un visuel \u00e9l\u00e9gant pour des plats savoureux et \u00e9quilibr\u00e9s.<\/p>\n","protected":false},"featured_media":375,"comment_status":"open","ping_status":"closed","template":"","meta":{"_kadence_starter_templates_imported_post":false,"_kad_post_transparent":"default","_kad_post_title":"","_kad_post_layout":"default","_kad_post_sidebar_id":"","_kad_post_content_style":"default","_kad_post_vertical_padding":"default","_kad_post_feature":"","_kad_post_feature_position":"","_kad_post_header":false,"_kad_post_footer":false},"product_brand":[],"product_cat":[22],"product_tag":[],"class_list":{"0":"post-374","1":"product","2":"type-product","3":"status-publish","4":"has-post-thumbnail","6":"product_cat-pates-artisanales-classiques","8":"first","9":"instock","10":"taxable","11":"shipping-taxable","12":"purchasable","13":"product-type-simple","14":"entry","15":"content-bg","16":"loop-entry"},"_links":{"self":[{"href":"https:\/\/sapora.be\/index.php\/wp-json\/wp\/v2\/product\/374","targetHints":{"allow":["GET"]}}],"collection":[{"href":"https:\/\/sapora.be\/index.php\/wp-json\/wp\/v2\/product"}],"about":[{"href":"https:\/\/sapora.be\/index.php\/wp-json\/wp\/v2\/types\/product"}],"replies":[{"embeddable":true,"href":"https:\/\/sapora.be\/index.php\/wp-json\/wp\/v2\/comments?post=374"}],"wp:featuredmedia":[{"embeddable":true,"href":"https:\/\/sapora.be\/index.php\/wp-json\/wp\/v2\/media\/375"}],"wp:attachment":[{"href":"https:\/\/sapora.be\/index.php\/wp-json\/wp\/v2\/media?parent=374"}],"wp:term":[{"taxonomy":"product_brand","embeddable":true,"href":"https:\/\/sapora.be\/index.php\/wp-json\/wp\/v2\/product_brand?post=374"},{"taxonomy":"product_cat","embeddable":true,"href":"https:\/\/sapora.be\/index.php\/wp-json\/wp\/v2\/product_cat?post=374"},{"taxonomy":"product_tag","embeddable":true,"href":"https:\/\/sapora.be\/index.php\/wp-json\/wp\/v2\/product_tag?post=374"}],"curies":[{"name":"wp","href":"https:\/\/api.w.org\/{rel}","templated":true}]}}