{"id":370,"date":"2025-12-18T12:05:07","date_gmt":"2025-12-18T11:05:07","guid":{"rendered":"https:\/\/sapora.be\/?post_type=product&#038;p=370"},"modified":"2026-03-05T16:35:24","modified_gmt":"2026-03-05T15:35:24","slug":"busiate-500g","status":"publish","type":"product","link":"https:\/\/sapora.be\/index.php\/produit\/busiate-500g\/","title":{"rendered":"Busiate &#8211; 500g"},"content":{"rendered":"<p data-start=\"216\" data-end=\"497\">Les Busiate artisanales sont \u00e9labor\u00e9es \u00e0 partir de semoule de bl\u00e9 dur de qualit\u00e9 sup\u00e9rieure, selon la tradition sicilienne.<br data-start=\"347\" data-end=\"350\" \/>Leur forme torsad\u00e9e caract\u00e9ristique permet de capturer parfaitement les sauces, offrant une texture ferme et une excellente tenue \u00e0 la cuisson.<\/p>\n<p data-start=\"499\" data-end=\"696\">S\u00e9ch\u00e9es lentement afin de pr\u00e9server toute la richesse aromatique du bl\u00e9, ces p\u00e2tes sont id\u00e9ales pour des recettes simples comme plus \u00e9labor\u00e9es, mettant en valeur des sauces parfum\u00e9es et g\u00e9n\u00e9reuses.<\/p>\n<h3 data-start=\"703\" data-end=\"723\">Id\u00e9ales pour :<\/h3>\n<ul data-start=\"724\" data-end=\"890\">\n<li data-start=\"724\" data-end=\"779\">\n<p data-start=\"726\" data-end=\"779\">pesto (notamment pesto \u00e0 la pistache ou au basilic)<\/p>\n<\/li>\n<li data-start=\"780\" data-end=\"802\">\n<p data-start=\"782\" data-end=\"802\">sauces aux l\u00e9gumes<\/p>\n<\/li>\n<li data-start=\"803\" data-end=\"848\">\n<p data-start=\"805\" data-end=\"848\">sauces \u00e0 base d\u2019huile d\u2019olive et d\u2019herbes<\/p>\n<\/li>\n<li data-start=\"849\" data-end=\"890\">\n<p data-start=\"851\" data-end=\"890\">cuisine sicilienne et m\u00e9diterran\u00e9enne<\/p>\n<\/li>\n<\/ul>\n<h3 data-start=\"897\" data-end=\"921\">Caract\u00e9ristiques :<\/h3>\n<ul data-start=\"922\" data-end=\"1067\">\n<li data-start=\"922\" data-end=\"946\">\n<p data-start=\"924\" data-end=\"946\">Origine : Italie<\/p>\n<\/li>\n<li data-start=\"947\" data-end=\"987\">\n<p data-start=\"949\" data-end=\"987\">Ingr\u00e9dients : Semoule de bl\u00e9 dur<\/p>\n<\/li>\n<li data-start=\"988\" data-end=\"1012\">\n<p data-start=\"990\" data-end=\"1012\">Format : Busiate<\/p>\n<\/li>\n<li data-start=\"1013\" data-end=\"1034\">\n<p data-start=\"1015\" data-end=\"1034\">Poids : 500 g<\/p>\n<\/li>\n<li data-start=\"1035\" data-end=\"1067\">\n<p data-start=\"1037\" data-end=\"1067\">Fabrication : Artisanale<\/p>\n<\/li>\n<\/ul>\n","protected":false},"excerpt":{"rendered":"<p data-start=\"189\" data-end=\"366\">P\u00e2tes artisanales siciliennes en semoule de bl\u00e9 dur, \u00e0 la forme torsad\u00e9e id\u00e9ale pour retenir les sauces. Texture ferme, go\u00fbt authentique et fabrication traditionnelle italienne.<\/p>\n<p data-start=\"368\" data-end=\"404\">\n","protected":false},"featured_media":371,"comment_status":"open","ping_status":"closed","template":"","meta":{"_kadence_starter_templates_imported_post":false,"_kad_post_transparent":"default","_kad_post_title":"","_kad_post_layout":"default","_kad_post_sidebar_id":"","_kad_post_content_style":"default","_kad_post_vertical_padding":"default","_kad_post_feature":"","_kad_post_feature_position":"","_kad_post_header":false,"_kad_post_footer":false},"product_brand":[],"product_cat":[22],"product_tag":[],"class_list":{"0":"post-370","1":"product","2":"type-product","3":"status-publish","4":"has-post-thumbnail","6":"product_cat-pates-artisanales-classiques","8":"first","9":"instock","10":"taxable","11":"shipping-taxable","12":"purchasable","13":"product-type-simple","14":"entry","15":"content-bg","16":"loop-entry"},"_links":{"self":[{"href":"https:\/\/sapora.be\/index.php\/wp-json\/wp\/v2\/product\/370","targetHints":{"allow":["GET"]}}],"collection":[{"href":"https:\/\/sapora.be\/index.php\/wp-json\/wp\/v2\/product"}],"about":[{"href":"https:\/\/sapora.be\/index.php\/wp-json\/wp\/v2\/types\/product"}],"replies":[{"embeddable":true,"href":"https:\/\/sapora.be\/index.php\/wp-json\/wp\/v2\/comments?post=370"}],"wp:featuredmedia":[{"embeddable":true,"href":"https:\/\/sapora.be\/index.php\/wp-json\/wp\/v2\/media\/371"}],"wp:attachment":[{"href":"https:\/\/sapora.be\/index.php\/wp-json\/wp\/v2\/media?parent=370"}],"wp:term":[{"taxonomy":"product_brand","embeddable":true,"href":"https:\/\/sapora.be\/index.php\/wp-json\/wp\/v2\/product_brand?post=370"},{"taxonomy":"product_cat","embeddable":true,"href":"https:\/\/sapora.be\/index.php\/wp-json\/wp\/v2\/product_cat?post=370"},{"taxonomy":"product_tag","embeddable":true,"href":"https:\/\/sapora.be\/index.php\/wp-json\/wp\/v2\/product_tag?post=370"}],"curies":[{"name":"wp","href":"https:\/\/api.w.org\/{rel}","templated":true}]}}