{"id":368,"date":"2025-12-18T12:00:35","date_gmt":"2025-12-18T11:00:35","guid":{"rendered":"https:\/\/sapora.be\/?post_type=product&#038;p=368"},"modified":"2026-03-06T18:11:29","modified_gmt":"2026-03-06T17:11:29","slug":"paccheri-500g","status":"publish","type":"product","link":"https:\/\/sapora.be\/index.php\/produit\/paccheri-500g\/","title":{"rendered":"Paccheri &#8211; 500G"},"content":{"rendered":"<p data-start=\"619\" data-end=\"918\">Nos Paccheri artisanaux sont \u00e9labor\u00e9s \u00e0 partir de semoule de bl\u00e9 dur de qualit\u00e9 sup\u00e9rieure, selon un savoir-faire italien traditionnel.<br data-start=\"762\" data-end=\"765\" \/>Leur large diam\u00e8tre et leur \u00e9paisseur permettent de retenir parfaitement les sauces, offrant une bouch\u00e9e g\u00e9n\u00e9reuse et gourmande \u00e0 chaque d\u00e9gustation.<\/p>\n<p data-start=\"920\" data-end=\"1055\">S\u00e9ch\u00e9s lentement pour pr\u00e9server la texture et les ar\u00f4mes du bl\u00e9, ces p\u00e2tes sont id\u00e9ales pour des plats riches, savoureux et conviviaux.<\/p>\n<h3 data-start=\"1062\" data-end=\"1080\">Id\u00e9ales pour :<\/h3>\n<ul data-start=\"1081\" data-end=\"1203\">\n<li data-start=\"1081\" data-end=\"1110\">\n<p data-start=\"1083\" data-end=\"1110\">sauces tomates g\u00e9n\u00e9reuses<\/p>\n<\/li>\n<li data-start=\"1111\" data-end=\"1128\">\n<p data-start=\"1113\" data-end=\"1128\">plats mijot\u00e9s<\/p>\n<\/li>\n<li data-start=\"1129\" data-end=\"1149\">\n<p data-start=\"1131\" data-end=\"1149\">recettes au four<\/p>\n<\/li>\n<li data-start=\"1150\" data-end=\"1203\">\n<p data-start=\"1152\" data-end=\"1203\">cuisine italienne traditionnelle et gastronomique<\/p>\n<\/li>\n<\/ul>\n<h3 data-start=\"1210\" data-end=\"1232\">Caract\u00e9ristiques :<\/h3>\n<ul data-start=\"1233\" data-end=\"1429\">\n<li data-start=\"1233\" data-end=\"1257\">\n<p data-start=\"1235\" data-end=\"1257\">Origine : Italie<\/p>\n<\/li>\n<li data-start=\"1258\" data-end=\"1298\">\n<p data-start=\"1260\" data-end=\"1298\">Ingr\u00e9dients : Semoule de bl\u00e9 dur<\/p>\n<\/li>\n<li data-start=\"1299\" data-end=\"1324\">\n<p data-start=\"1301\" data-end=\"1324\">Format : Paccheri<\/p>\n<\/li>\n<li data-start=\"1325\" data-end=\"1346\">\n<p data-start=\"1327\" data-end=\"1346\">Poids : 500 g<\/p>\n<\/li>\n<li data-start=\"1347\" data-end=\"1379\">\n<p data-start=\"1349\" data-end=\"1379\">Fabrication : Artisanale<\/p>\n<\/li>\n<\/ul>\n","protected":false},"excerpt":{"rendered":"<p>P\u00e2tes artisanales italiennes en semoule de bl\u00e9 dur, fa\u00e7onn\u00e9es pour sublimer les sauces g\u00e9n\u00e9reuses. Une texture \u00e9paisse et une tenue parfaite pour une exp\u00e9rience authentique, directement inspir\u00e9e de la tradition italienne<\/p>\n","protected":false},"featured_media":369,"comment_status":"open","ping_status":"closed","template":"","meta":{"_kadence_starter_templates_imported_post":false,"_kad_post_transparent":"default","_kad_post_title":"","_kad_post_layout":"default","_kad_post_sidebar_id":"","_kad_post_content_style":"default","_kad_post_vertical_padding":"default","_kad_post_feature":"","_kad_post_feature_position":"","_kad_post_header":false,"_kad_post_footer":false},"product_brand":[],"product_cat":[22],"product_tag":[],"class_list":{"0":"post-368","1":"product","2":"type-product","3":"status-publish","4":"has-post-thumbnail","6":"product_cat-pates-artisanales-classiques","8":"first","9":"instock","10":"taxable","11":"shipping-taxable","12":"purchasable","13":"product-type-simple","14":"entry","15":"content-bg","16":"loop-entry"},"_links":{"self":[{"href":"https:\/\/sapora.be\/index.php\/wp-json\/wp\/v2\/product\/368","targetHints":{"allow":["GET"]}}],"collection":[{"href":"https:\/\/sapora.be\/index.php\/wp-json\/wp\/v2\/product"}],"about":[{"href":"https:\/\/sapora.be\/index.php\/wp-json\/wp\/v2\/types\/product"}],"replies":[{"embeddable":true,"href":"https:\/\/sapora.be\/index.php\/wp-json\/wp\/v2\/comments?post=368"}],"wp:featuredmedia":[{"embeddable":true,"href":"https:\/\/sapora.be\/index.php\/wp-json\/wp\/v2\/media\/369"}],"wp:attachment":[{"href":"https:\/\/sapora.be\/index.php\/wp-json\/wp\/v2\/media?parent=368"}],"wp:term":[{"taxonomy":"product_brand","embeddable":true,"href":"https:\/\/sapora.be\/index.php\/wp-json\/wp\/v2\/product_brand?post=368"},{"taxonomy":"product_cat","embeddable":true,"href":"https:\/\/sapora.be\/index.php\/wp-json\/wp\/v2\/product_cat?post=368"},{"taxonomy":"product_tag","embeddable":true,"href":"https:\/\/sapora.be\/index.php\/wp-json\/wp\/v2\/product_tag?post=368"}],"curies":[{"name":"wp","href":"https:\/\/api.w.org\/{rel}","templated":true}]}}