{"id":345,"date":"2025-11-27T17:49:38","date_gmt":"2025-11-27T16:49:38","guid":{"rendered":"https:\/\/sapora.be\/?post_type=product&#038;p=345"},"modified":"2026-04-01T13:38:15","modified_gmt":"2026-04-01T11:38:15","slug":"huile-dolive-extra-vierge-1l","status":"publish","type":"product","link":"https:\/\/sapora.be\/index.php\/produit\/huile-dolive-extra-vierge-1l\/","title":{"rendered":"Huile d\u2019Olive Extra Vierge \u2013 1L"},"content":{"rendered":"<p>Notre huile d\u2019olive extra vierge est produite en Sicile \u00e0 partir d\u2019olives r\u00e9colt\u00e9es \u00e0 la main puis press\u00e9es \u00e0 froid dans les heures qui suivent.<br data-start=\"848\" data-end=\"851\" \/>Elle offre un profil \u00e9quilibr\u00e9, harmonieux et polyvalent, parfait pour sublimer aussi bien les plats froids que chauds.<\/p>\n<p>Id\u00e9ale pour :<br \/>\n\u2022 assaisonnement<br \/>\n\u2022 cuisson l\u00e9g\u00e8re<br \/>\n\u2022 marinades<br \/>\n\u2022 restauration &amp; \u00e9piceries fines<\/p>\n<p>Caract\u00e9ristiques :<br \/>\n\u2022 Origine : Sicile, Italie<br \/>\n\u2022 Extraction : Pression \u00e0 froid<br \/>\n\u2022 Format : Bouteille en verre 1L<br \/>\n\u2022 Qualit\u00e9 : Extra vierge<\/p>\n","protected":false},"excerpt":{"rendered":"<p>Huile d\u2019olive extra vierge 100% italienne, press\u00e9e \u00e0 froid. Saveur douce et \u00e9quilibr\u00e9e. Qualit\u00e9 premium directement du producteur.<\/p>\n","protected":false},"featured_media":350,"comment_status":"open","ping_status":"closed","template":"","meta":{"_kadence_starter_templates_imported_post":false,"_kad_post_transparent":"default","_kad_post_title":"","_kad_post_layout":"default","_kad_post_sidebar_id":"","_kad_post_content_style":"default","_kad_post_vertical_padding":"default","_kad_post_feature":"","_kad_post_feature_position":"","_kad_post_header":false,"_kad_post_footer":false},"product_brand":[],"product_cat":[21],"product_tag":[],"class_list":{"0":"post-345","1":"product","2":"type-product","3":"status-publish","4":"has-post-thumbnail","6":"product_cat-huiles-dolive","8":"first","9":"instock","10":"taxable","11":"shipping-taxable","12":"purchasable","13":"product-type-simple","14":"entry","15":"content-bg","16":"loop-entry"},"_links":{"self":[{"href":"https:\/\/sapora.be\/index.php\/wp-json\/wp\/v2\/product\/345","targetHints":{"allow":["GET"]}}],"collection":[{"href":"https:\/\/sapora.be\/index.php\/wp-json\/wp\/v2\/product"}],"about":[{"href":"https:\/\/sapora.be\/index.php\/wp-json\/wp\/v2\/types\/product"}],"replies":[{"embeddable":true,"href":"https:\/\/sapora.be\/index.php\/wp-json\/wp\/v2\/comments?post=345"}],"wp:featuredmedia":[{"embeddable":true,"href":"https:\/\/sapora.be\/index.php\/wp-json\/wp\/v2\/media\/350"}],"wp:attachment":[{"href":"https:\/\/sapora.be\/index.php\/wp-json\/wp\/v2\/media?parent=345"}],"wp:term":[{"taxonomy":"product_brand","embeddable":true,"href":"https:\/\/sapora.be\/index.php\/wp-json\/wp\/v2\/product_brand?post=345"},{"taxonomy":"product_cat","embeddable":true,"href":"https:\/\/sapora.be\/index.php\/wp-json\/wp\/v2\/product_cat?post=345"},{"taxonomy":"product_tag","embeddable":true,"href":"https:\/\/sapora.be\/index.php\/wp-json\/wp\/v2\/product_tag?post=345"}],"curies":[{"name":"wp","href":"https:\/\/api.w.org\/{rel}","templated":true}]}}