{"id":9,"date":"2025-06-07T15:30:44","date_gmt":"2025-06-07T13:30:44","guid":{"rendered":"http:\/\/sapora.be\/?page_id=9"},"modified":"2025-12-20T15:01:48","modified_gmt":"2025-12-20T14:01:48","slug":"a-propos-de","status":"publish","type":"page","link":"https:\/\/sapora.be\/index.php\/a-propos-de\/","title":{"rendered":"\u00c0 propos"},"content":{"rendered":"\n<h3 class=\"wp-block-heading\">\u00c0 propos de Sapora<\/h3>\n\n\n\n<p>\ud83c\uddee\ud83c\uddf9 <strong>Sapora<\/strong>, c\u2019est avant tout une histoire de passion familiale pour l\u2019Italie et son art de vivre.<br>Nous s\u00e9lectionnons avec soin des produits artisanaux d\u2019exception : des <strong>huiles d\u2019olive<\/strong>  au c\u0153ur de notre savoir-faire , des <strong>p\u00e2tes artisanales de bl\u00e9 dur<\/strong>, naturellement riches en prot\u00e9ines et en fibres, ainsi que, <strong>en \u00e9dition limit\u00e9e<\/strong>, des <strong>biscuits artisanaux napolitains<\/strong> et des <strong>panettoni &amp; pandori<\/strong> \u00e0 l\u2019approche des f\u00eates de fin d\u2019ann\u00e9e.<\/p>\n\n\n\n<p>Chaque produit est choisi pour vous offrir un <strong>voyage authentique au c\u0153ur des saveurs m\u00e9diterran\u00e9ennes<\/strong>.<\/p>\n\n\n\n<p>\u2728 Notre mission : sublimer votre quotidien avec des cr\u00e9ations raffin\u00e9es, respectueuses des traditions et adapt\u00e9es aux moments de partage modernes.<\/p>\n\n\n\n<p>\ud83e\udd1d Entreprise familiale belge aux racines italiennes, nous croyons en la qualit\u00e9, la simplicit\u00e9 et l\u2019\u00e9l\u00e9gance.<\/p>\n","protected":false},"excerpt":{"rendered":"<p>\u00c0 propos de Sapora \ud83c\uddee\ud83c\uddf9 Sapora, c\u2019est avant tout une histoire de passion familiale pour l\u2019Italie et son art de vivre.Nous s\u00e9lectionnons avec soin des produits artisanaux d\u2019exception : des huiles d\u2019olive au c\u0153ur de notre savoir-faire , des p\u00e2tes artisanales de bl\u00e9 dur, naturellement riches en prot\u00e9ines et en fibres, ainsi que, en \u00e9dition&#8230;<\/p>\n","protected":false},"author":1,"featured_media":6,"parent":0,"menu_order":0,"comment_status":"closed","ping_status":"closed","template":"","meta":{"_kadence_starter_templates_imported_post":false,"_kad_post_transparent":"","_kad_post_title":"","_kad_post_layout":"","_kad_post_sidebar_id":"","_kad_post_content_style":"","_kad_post_vertical_padding":"","_kad_post_feature":"","_kad_post_feature_position":"","_kad_post_header":false,"_kad_post_footer":false,"footnotes":""},"class_list":["post-9","page","type-page","status-publish","has-post-thumbnail","hentry"],"_links":{"self":[{"href":"https:\/\/sapora.be\/index.php\/wp-json\/wp\/v2\/pages\/9","targetHints":{"allow":["GET"]}}],"collection":[{"href":"https:\/\/sapora.be\/index.php\/wp-json\/wp\/v2\/pages"}],"about":[{"href":"https:\/\/sapora.be\/index.php\/wp-json\/wp\/v2\/types\/page"}],"author":[{"embeddable":true,"href":"https:\/\/sapora.be\/index.php\/wp-json\/wp\/v2\/users\/1"}],"replies":[{"embeddable":true,"href":"https:\/\/sapora.be\/index.php\/wp-json\/wp\/v2\/comments?post=9"}],"version-history":[{"count":5,"href":"https:\/\/sapora.be\/index.php\/wp-json\/wp\/v2\/pages\/9\/revisions"}],"predecessor-version":[{"id":411,"href":"https:\/\/sapora.be\/index.php\/wp-json\/wp\/v2\/pages\/9\/revisions\/411"}],"wp:featuredmedia":[{"embeddable":true,"href":"https:\/\/sapora.be\/index.php\/wp-json\/wp\/v2\/media\/6"}],"wp:attachment":[{"href":"https:\/\/sapora.be\/index.php\/wp-json\/wp\/v2\/media?parent=9"}],"curies":[{"name":"wp","href":"https:\/\/api.w.org\/{rel}","templated":true}]}}